{"id":398,"date":"2025-01-22T09:55:45","date_gmt":"2025-01-22T08:55:45","guid":{"rendered":"https:\/\/lievrodriguez.com\/terminos-de-uso\/"},"modified":"2025-02-10T12:15:35","modified_gmt":"2025-02-10T11:15:35","slug":"advice-legal","status":"publish","type":"page","link":"https:\/\/lievrodriguez.com\/en\/advice-legal\/","title":{"rendered":"Advice Legal"},"content":{"rendered":"\n<div class=\"wp-block-group container\"><div class=\"wp-block-group__inner-container is-layout-constrained wp-block-group-is-layout-constrained\">\n<h1 class=\"wp-block-heading\"><strong>Aviso Legal<\/strong><\/h1>\n\n\n\n<p>En cumplimiento con el deber de informaci\u00f3n recogido en art\u00edculo 10 de la Ley 34\/2002, de 11 de julio, de Servicios de la Sociedad de la Informaci\u00f3n y del Comercio Electr\u00f3nico (LSSICE), el propietario de la web , le informa de lo siguiente:<\/p>\n\n\n\n<ul class=\"wp-block-list\">\n<li>Denominaci\u00f3n social: Pablo G. Liev S\u00e1nchez<\/li>\n\n\n\n<li>NIF: 78964999L<\/li>\n\n\n\n<li>Domicilio: Centro Comercial Plaza Local M1, Nueva Andaluc\u00eda, 29660 &#8211; Marbella (M\u00e1laga)<\/li>\n<\/ul>\n\n\n\n<p>Con los l\u00edmites establecidos en la ley, Pablo G. Liev S\u00e1nchez no asume ninguna responsabilidad derivada de la falta de veracidad, integridad, actualizaci\u00f3n y precisi\u00f3n de los datos o informaciones que contienen sus p\u00e1ginas web.<\/p>\n\n\n\n<p>Los contenidos e informaci\u00f3n no vinculan a Pablo G. Liev S\u00e1nchez ni constituyen opiniones, consejos o asesoramiento legal de ning\u00fan tipo pues se trata meramente de un servicio ofrecido con car\u00e1cter informativo y divulgativo.<\/p>\n\n\n\n<p>Las p\u00e1ginas de Internet de Pablo G. Liev S\u00e1nchez pueden contener enlaces (links) a otras p\u00e1ginas de terceras partes que Pablo G. Liev S\u00e1nchez no puede controlar. Por lo tanto, Pablo G. Liev S\u00e1nchez no puede asumir responsabilidades por el contenido que pueda aparecer en p\u00e1ginas de terceros.<\/p>\n\n\n\n<p>Los textos, im\u00e1genes, sonidos, animaciones, software y el resto de contenidos incluidos en este website son propiedad exclusiva de Pablo G. Liev S\u00e1nchez o sus licenciantes. Cualquier acto de transmisi\u00f3n, distribuci\u00f3n, cesi\u00f3n, reproducci\u00f3n, almacenamiento o comunicaci\u00f3n p\u00fablica total o parcial, deber\u00e1 contar con el consentimiento expreso de Pablo G. Liev S\u00e1nchez.<\/p>\n\n\n\n<p>Asimismo, para acceder a algunos de los servicios que Pablo G. Liev S\u00e1nchez ofrece a trav\u00e9s del sitio web, deber\u00e1 proporcionar algunos datos de car\u00e1cter personal. En cumplimiento de lo establecido en el Reglamento (UE) 2016\/679 del Parlamento Europeo y del Consejo, de 27 de abril de 2016, relativo a la protecci\u00f3n de las personas f\u00edsicas en lo que respecta al tratamiento de datos personales y a la libre circulaci\u00f3n de estos datos le informamos que, mediante la cumplimentaci\u00f3n de los presentes formularios, sus datos personales quedar\u00e1n incorporados y ser\u00e1n tratados en los ficheros de Pablo G. Liev S\u00e1nchez con el fin de poderle prestar y ofrecer nuestros servicios as\u00ed como para informarle de las mejoras del sitio Web.<\/p>\n\n\n\n<p>Le informamos tambi\u00e9n de que tendr\u00e1 la posibilidad en todo momento de ejercer los derechos de acceso, rectificaci\u00f3n, cancelaci\u00f3n, oposici\u00f3n, limitaci\u00f3n y portabilidad de sus datos de car\u00e1cter personal, de manera gratuita mediante email a: estudio@lr-arq.com o en la direcci\u00f3n: Centro Comercial Plaza Local M1, Nueva Andaluc\u00eda, 29660 &#8211; Marbella (M\u00e1laga).<\/p>\n<\/div><\/div>\n","protected":false},"excerpt":{"rendered":"<p>Aviso Legal En cumplimiento con el deber de informaci\u00f3n recogido en art\u00edculo 10 de la Ley 34\/2002, de 11 de julio, de Servicios de la Sociedad de la Informaci\u00f3n y del Comercio Electr\u00f3nico (LSSICE), el&#8230;<\/p>\n","protected":false},"author":1,"featured_media":0,"parent":0,"menu_order":0,"comment_status":"closed","ping_status":"closed","template":"","meta":{"inline_featured_image":false,"footnotes":""},"class_list":["post-398","page","type-page","status-publish","hentry"],"acf":[],"yoast_head":"<!-- This site is optimized with the Yoast SEO plugin v27.3 - https:\/\/yoast.com\/product\/yoast-seo-wordpress\/ -->\n<title>Advice Legal | Liev Rodriguez Arquitectura<\/title>\n<meta name=\"robots\" content=\"index, follow, max-snippet:-1, max-image-preview:large, max-video-preview:-1\" \/>\n<link rel=\"canonical\" href=\"https:\/\/lievrodriguez.com\/en\/advice-legal\/\" \/>\n<meta property=\"og:locale\" content=\"en_US\" \/>\n<meta property=\"og:type\" content=\"article\" \/>\n<meta property=\"og:title\" content=\"Advice Legal | Liev Rodriguez Arquitectura\" \/>\n<meta property=\"og:description\" content=\"Aviso Legal En cumplimiento con el deber de informaci\u00f3n recogido en art\u00edculo 10 de la Ley 34\/2002, de 11 de julio, de Servicios de la Sociedad de la Informaci\u00f3n y del Comercio Electr\u00f3nico (LSSICE), el...\" \/>\n<meta property=\"og:url\" content=\"https:\/\/lievrodriguez.com\/en\/advice-legal\/\" \/>\n<meta property=\"og:site_name\" content=\"Liev Rodriguez Arquitectura\" \/>\n<meta property=\"article:modified_time\" content=\"2025-02-10T11:15:35+00:00\" \/>\n<meta name=\"twitter:card\" content=\"summary_large_image\" \/>\n<meta name=\"twitter:label1\" content=\"Est. reading time\" \/>\n\t<meta name=\"twitter:data1\" content=\"2 minutes\" \/>\n<script type=\"application\/ld+json\" class=\"yoast-schema-graph\">{\"@context\":\"https:\\\/\\\/schema.org\",\"@graph\":[{\"@type\":\"WebPage\",\"@id\":\"https:\\\/\\\/lievrodriguez.com\\\/en\\\/advice-legal\\\/\",\"url\":\"https:\\\/\\\/lievrodriguez.com\\\/en\\\/advice-legal\\\/\",\"name\":\"Advice Legal | Liev Rodriguez Arquitectura\",\"isPartOf\":{\"@id\":\"https:\\\/\\\/lievrodriguez.com\\\/en\\\/#website\"},\"datePublished\":\"2025-01-22T08:55:45+00:00\",\"dateModified\":\"2025-02-10T11:15:35+00:00\",\"breadcrumb\":{\"@id\":\"https:\\\/\\\/lievrodriguez.com\\\/en\\\/advice-legal\\\/#breadcrumb\"},\"inLanguage\":\"en-US\",\"potentialAction\":[{\"@type\":\"ReadAction\",\"target\":[\"https:\\\/\\\/lievrodriguez.com\\\/en\\\/advice-legal\\\/\"]}]},{\"@type\":\"BreadcrumbList\",\"@id\":\"https:\\\/\\\/lievrodriguez.com\\\/en\\\/advice-legal\\\/#breadcrumb\",\"itemListElement\":[{\"@type\":\"ListItem\",\"position\":1,\"name\":\"Portada\",\"item\":\"https:\\\/\\\/lievrodriguez.com\\\/en\\\/\"},{\"@type\":\"ListItem\",\"position\":2,\"name\":\"Advice Legal\"}]},{\"@type\":\"WebSite\",\"@id\":\"https:\\\/\\\/lievrodriguez.com\\\/en\\\/#website\",\"url\":\"https:\\\/\\\/lievrodriguez.com\\\/en\\\/\",\"name\":\"Liev Rodriguez Arquitectura\",\"description\":\"Profesionalidad y pasi\u00f3n por la arquitectura.\",\"publisher\":{\"@id\":\"https:\\\/\\\/lievrodriguez.com\\\/en\\\/#organization\"},\"potentialAction\":[{\"@type\":\"SearchAction\",\"target\":{\"@type\":\"EntryPoint\",\"urlTemplate\":\"https:\\\/\\\/lievrodriguez.com\\\/en\\\/?s={search_term_string}\"},\"query-input\":{\"@type\":\"PropertyValueSpecification\",\"valueRequired\":true,\"valueName\":\"search_term_string\"}}],\"inLanguage\":\"en-US\"},{\"@type\":\"Organization\",\"@id\":\"https:\\\/\\\/lievrodriguez.com\\\/en\\\/#organization\",\"name\":\"Liev Rodriguez Arquitectura\",\"url\":\"https:\\\/\\\/lievrodriguez.com\\\/en\\\/\",\"logo\":{\"@type\":\"ImageObject\",\"inLanguage\":\"en-US\",\"@id\":\"https:\\\/\\\/lievrodriguez.com\\\/en\\\/#\\\/schema\\\/logo\\\/image\\\/\",\"url\":\"https:\\\/\\\/lievrodriguezarquitectura.com\\\/wp-content\\\/uploads\\\/2025\\\/01\\\/Logo-vector.svg\",\"contentUrl\":\"https:\\\/\\\/lievrodriguezarquitectura.com\\\/wp-content\\\/uploads\\\/2025\\\/01\\\/Logo-vector.svg\",\"width\":168,\"height\":35,\"caption\":\"Liev Rodriguez Arquitectura\"},\"image\":{\"@id\":\"https:\\\/\\\/lievrodriguez.com\\\/en\\\/#\\\/schema\\\/logo\\\/image\\\/\"},\"sameAs\":[\"https:\\\/\\\/www.instagram.com\\\/lievrodriguez.arq\\\/\",\"https:\\\/\\\/www.linkedin.com\\\/company\\\/liev-rodriguez-arquitectura-y-urbanismo-s-l-p\\\/?originalSubdomain=es\"]}]}<\/script>\n<!-- \/ Yoast SEO plugin. -->","yoast_head_json":{"title":"Advice Legal | Liev Rodriguez Arquitectura","robots":{"index":"index","follow":"follow","max-snippet":"max-snippet:-1","max-image-preview":"max-image-preview:large","max-video-preview":"max-video-preview:-1"},"canonical":"https:\/\/lievrodriguez.com\/en\/advice-legal\/","og_locale":"en_US","og_type":"article","og_title":"Advice Legal | Liev Rodriguez Arquitectura","og_description":"Aviso Legal En cumplimiento con el deber de informaci\u00f3n recogido en art\u00edculo 10 de la Ley 34\/2002, de 11 de julio, de Servicios de la Sociedad de la Informaci\u00f3n y del Comercio Electr\u00f3nico (LSSICE), el...","og_url":"https:\/\/lievrodriguez.com\/en\/advice-legal\/","og_site_name":"Liev Rodriguez Arquitectura","article_modified_time":"2025-02-10T11:15:35+00:00","twitter_card":"summary_large_image","twitter_misc":{"Est. reading time":"2 minutes"},"schema":{"@context":"https:\/\/schema.org","@graph":[{"@type":"WebPage","@id":"https:\/\/lievrodriguez.com\/en\/advice-legal\/","url":"https:\/\/lievrodriguez.com\/en\/advice-legal\/","name":"Advice Legal | Liev Rodriguez Arquitectura","isPartOf":{"@id":"https:\/\/lievrodriguez.com\/en\/#website"},"datePublished":"2025-01-22T08:55:45+00:00","dateModified":"2025-02-10T11:15:35+00:00","breadcrumb":{"@id":"https:\/\/lievrodriguez.com\/en\/advice-legal\/#breadcrumb"},"inLanguage":"en-US","potentialAction":[{"@type":"ReadAction","target":["https:\/\/lievrodriguez.com\/en\/advice-legal\/"]}]},{"@type":"BreadcrumbList","@id":"https:\/\/lievrodriguez.com\/en\/advice-legal\/#breadcrumb","itemListElement":[{"@type":"ListItem","position":1,"name":"Portada","item":"https:\/\/lievrodriguez.com\/en\/"},{"@type":"ListItem","position":2,"name":"Advice Legal"}]},{"@type":"WebSite","@id":"https:\/\/lievrodriguez.com\/en\/#website","url":"https:\/\/lievrodriguez.com\/en\/","name":"Liev Rodriguez Arquitectura","description":"Profesionalidad y pasi\u00f3n por la arquitectura.","publisher":{"@id":"https:\/\/lievrodriguez.com\/en\/#organization"},"potentialAction":[{"@type":"SearchAction","target":{"@type":"EntryPoint","urlTemplate":"https:\/\/lievrodriguez.com\/en\/?s={search_term_string}"},"query-input":{"@type":"PropertyValueSpecification","valueRequired":true,"valueName":"search_term_string"}}],"inLanguage":"en-US"},{"@type":"Organization","@id":"https:\/\/lievrodriguez.com\/en\/#organization","name":"Liev Rodriguez Arquitectura","url":"https:\/\/lievrodriguez.com\/en\/","logo":{"@type":"ImageObject","inLanguage":"en-US","@id":"https:\/\/lievrodriguez.com\/en\/#\/schema\/logo\/image\/","url":"https:\/\/lievrodriguezarquitectura.com\/wp-content\/uploads\/2025\/01\/Logo-vector.svg","contentUrl":"https:\/\/lievrodriguezarquitectura.com\/wp-content\/uploads\/2025\/01\/Logo-vector.svg","width":168,"height":35,"caption":"Liev Rodriguez Arquitectura"},"image":{"@id":"https:\/\/lievrodriguez.com\/en\/#\/schema\/logo\/image\/"},"sameAs":["https:\/\/www.instagram.com\/lievrodriguez.arq\/","https:\/\/www.linkedin.com\/company\/liev-rodriguez-arquitectura-y-urbanismo-s-l-p\/?originalSubdomain=es"]}]}},"_links":{"self":[{"href":"https:\/\/lievrodriguez.com\/en\/wp-json\/wp\/v2\/pages\/398","targetHints":{"allow":["GET"]}}],"collection":[{"href":"https:\/\/lievrodriguez.com\/en\/wp-json\/wp\/v2\/pages"}],"about":[{"href":"https:\/\/lievrodriguez.com\/en\/wp-json\/wp\/v2\/types\/page"}],"author":[{"embeddable":true,"href":"https:\/\/lievrodriguez.com\/en\/wp-json\/wp\/v2\/users\/1"}],"replies":[{"embeddable":true,"href":"https:\/\/lievrodriguez.com\/en\/wp-json\/wp\/v2\/comments?post=398"}],"version-history":[{"count":3,"href":"https:\/\/lievrodriguez.com\/en\/wp-json\/wp\/v2\/pages\/398\/revisions"}],"predecessor-version":[{"id":690,"href":"https:\/\/lievrodriguez.com\/en\/wp-json\/wp\/v2\/pages\/398\/revisions\/690"}],"wp:attachment":[{"href":"https:\/\/lievrodriguez.com\/en\/wp-json\/wp\/v2\/media?parent=398"}],"curies":[{"name":"wp","href":"https:\/\/api.w.org\/{rel}","templated":true}]}}